{"id":7,"date":"2017-11-08T17:19:08","date_gmt":"2017-11-08T14:19:08","guid":{"rendered":"http:\/\/probar.com.tr\/probar_wp_site\/?page_id=7"},"modified":"2017-11-09T18:57:32","modified_gmt":"2017-11-09T15:57:32","slug":"kurumsal","status":"publish","type":"page","link":"http:\/\/probar.com.tr\/probar_wp_site\/kurumsal\/","title":{"rendered":"Kurumsal"},"content":{"rendered":"\t\t<div data-elementor-type=\"wp-post\" data-elementor-id=\"7\" class=\"elementor elementor-7 elementor-bc-flex-widget\">\n\t\t\t\t\t\t<div class=\"elementor-inner\">\n\t\t\t\t<div class=\"elementor-section-wrap\">\n\t\t\t\t\t\t\t\t\t<section class=\"elementor-section elementor-top-section elementor-element elementor-element-2b1aa35 elementor-section-boxed elementor-section-height-default elementor-section-height-default\" data-id=\"2b1aa35\" data-element_type=\"section\">\n\t\t\t\t\t\t<div class=\"elementor-container elementor-column-gap-default\">\n\t\t\t\t\t\t\t<div class=\"elementor-row\">\n\t\t\t\t\t<div class=\"elementor-column elementor-col-100 elementor-top-column elementor-element elementor-element-df0092b\" data-id=\"df0092b\" data-element_type=\"column\">\n\t\t\t<div class=\"elementor-column-wrap elementor-element-populated\">\n\t\t\t\t\t\t\t<div class=\"elementor-widget-wrap\">\n\t\t\t\t\t\t<div class=\"elementor-element elementor-element-ec13c13 elementor-widget elementor-widget-image\" data-id=\"ec13c13\" data-element_type=\"widget\" data-widget_type=\"image.default\">\n\t\t\t\t<div class=\"elementor-widget-container\">\n\t\t\t\t\t\t\t\t<div class=\"elementor-image\">\n\t\t\t\t\t\t\t\t\t\t\t\t<img decoding=\"async\" width=\"300\" height=\"190\" src=\"http:\/\/probar.com.tr\/probar_wp_site\/wp-content\/uploads\/2017\/11\/logo-300x190.png\" class=\"attachment-medium size-medium wp-image-283\" alt=\"\" loading=\"lazy\" srcset=\"http:\/\/probar.com.tr\/probar_wp_site\/wp-content\/uploads\/2017\/11\/logo-300x190.png 300w, http:\/\/probar.com.tr\/probar_wp_site\/wp-content\/uploads\/2017\/11\/logo-600x380.png 600w, http:\/\/probar.com.tr\/probar_wp_site\/wp-content\/uploads\/2017\/11\/logo-768x487.png 768w, http:\/\/probar.com.tr\/probar_wp_site\/wp-content\/uploads\/2017\/11\/logo-1024x649.png 1024w\" sizes=\"(max-width: 300px) 100vw, 300px\" \/>\t\t\t\t\t\t\t\t\t\t\t\t\t\t<\/div>\n\t\t\t\t\t\t<\/div>\n\t\t\t\t<\/div>\n\t\t\t\t\t\t<\/div>\n\t\t\t\t\t<\/div>\n\t\t<\/div>\n\t\t\t\t\t\t\t\t<\/div>\n\t\t\t\t\t<\/div>\n\t\t<\/section>\n\t\t\t\t<section class=\"elementor-section elementor-top-section elementor-element elementor-element-f7c635f elementor-section-boxed elementor-section-height-default elementor-section-height-default\" data-id=\"f7c635f\" data-element_type=\"section\">\n\t\t\t\t\t\t<div class=\"elementor-container elementor-column-gap-default\">\n\t\t\t\t\t\t\t<div class=\"elementor-row\">\n\t\t\t\t\t<div class=\"elementor-column elementor-col-100 elementor-top-column elementor-element elementor-element-83153b1\" data-id=\"83153b1\" data-element_type=\"column\">\n\t\t\t<div class=\"elementor-column-wrap elementor-element-populated\">\n\t\t\t\t\t\t\t<div class=\"elementor-widget-wrap\">\n\t\t\t\t\t\t<div class=\"elementor-element elementor-element-9cd25bc elementor-widget elementor-widget-text-editor\" data-id=\"9cd25bc\" data-element_type=\"widget\" data-widget_type=\"text-editor.default\">\n\t\t\t\t<div class=\"elementor-widget-container\">\n\t\t\t\t\t\t\t\t<div class=\"elementor-text-editor elementor-clearfix\">\n\t\t\t\t<h3 style=\"text-align: center;\"><strong>AMACIMIZ S\u0130Z M\u00dc\u015eTER\u0130LER\u0130M\u0130ZE DE\u011eER KATMAK<\/strong><\/h3><p><br \/><br \/><\/p><p align=\"left\"><strong>Bili\u015fim teknolojilerinin ge\u00e7irdi\u011fi geli\u015fim s\u00fcrecinin bug\u00fcn geldi\u011fi noktada i\u015fletmelerin i\u015f yap\u0131\u015f \u015fekillerinde k\u00f6kl\u00fc de\u011fi\u015fikliklere gitmeleri zorunlu olmu\u015ftur.<br \/>ProBAR kendisini ve m\u00fc\u015fterilerini Mobil uygulamalar, Entegrasyon uygulamalar\u0131 ve internet teknolojileri konusunda geli\u015ftirerek d\u00fcnya ticareti ile tam entegrasyonu ve<br \/>platform ba\u011f\u0131ms\u0131z bilgi eri\u015fimine kendisine hedef se\u00e7mi\u015ftir.<br \/><br \/>De\u011fer yaratabilmenin yolunun internet \u00fczerinde i\u015fbirli\u011fine, entegrasyona bilgilere, servislere ve uygulamalara zaman ve ortamdan ba\u011f\u0131ms\u0131z eri\u015fime y\u00f6nelik bir \u00e7aba ortaya koymaktan ge\u00e7ti\u011fi g\u00fcn\u00fcm\u00fcz e-i\u015f d\u00fcnyas\u0131nda, bu amac\u0131 ger\u00e7ekle\u015ftirebilmek i\u00e7in i\u015fletmelerin kendi s\u0131n\u0131rlar\u0131 i\u00e7erisinde ve i\u015fletme s\u0131n\u0131rlar\u0131 d\u0131\u015far\u0131s\u0131nda esnek s\u00fcre\u00e7ler ortaya koyabilmeleri son derece \u00f6nemlidir. Bu s\u00fcre\u00e7lerin olu\u015fturulmas\u0131nda maliyetlerin azalt\u0131lmas\u0131, \u00fcretim s\u00fcre\u00e7lerinin h\u0131zland\u0131r\u0131lmas\u0131 ve stok kontrol\u00fcn\u00fcn optimizasyonu anlam\u0131nda ba\u015fta kurumsal kaynak planlamas\u0131 olmak \u00fczere belirli uygulamalar\u0131n \u00f6nemli rol oynayaca\u011f\u0131 g\u00f6r\u00fclmektedir.<br \/><br \/>ProBAR mobil teknolojiler alan\u0131nda ortaya koydu\u011fu \u00e7\u00f6z\u00fcmler ve sa\u011flad\u0131\u011f\u0131 bilgi birikimi ile g\u00fcn\u00fcm\u00fcz i\u015fletmelerinin ihtiya\u00e7lar\u0131n\u0131 en do\u011fru bi\u00e7imde alg\u0131layan ve bu y\u00f6nde \u00e7\u00f6z\u00fcmler sunan bir \u015firket olarak \u00f6n plana \u00e7\u0131kmaktad\u0131r. Hedefi \u00e7al\u0131\u015ft\u0131\u011f\u0131 kurumlar\u0131n verimlili\u011fini artt\u0131rmak olan ProBAR g\u00fcn\u00fcm\u00fcz i\u015f d\u00fcnyas\u0131nda i\u015fletmelerin ihtiya\u00e7lar\u0131n\u0131 adresleyen \u00e7\u00f6z\u00fcmlerini kurumsal dan\u0131\u015fmanl\u0131k ile birle\u015ftirerek u\u00e7tan uca bir \u00e7\u00f6z\u00fcmler sunmaktad\u0131r.<span>\u00a0<\/span><br \/><br \/>Bu geli\u015fme s\u00fcrecini ve s\u00fcre\u00e7 i\u00e7erisinde olu\u015fan farkl\u0131 ihtiya\u00e7lar\u0131 \u00f6nceden belirleyen ProBAR, bu ihtiya\u00e7lar \u00e7er\u00e7evesinde olu\u015fturdu\u011fu \u00e7\u00f6z\u00fcmler sayesinde i\u015fletmelerin en k\u0131sa s\u00fcrede, en az maliyet ve en ba\u015far\u0131l\u0131 bi\u00e7imde bu de\u011fi\u015fimi ya\u015famalar\u0131n\u0131 sa\u011flamaktad\u0131r.<br \/><br \/>ProBAR ortaya koydu\u011fu yenilik\u00e7i yakla\u015f\u0131m ve deneyimler sonucunda \u015fekillenen ba\u015far\u0131s\u0131 kan\u0131tlanm\u0131\u015f \u00e7\u00f6z\u00fcmleri ve mobil teknoloj\u015flerin ilk g\u00fcn\u00fcnden bug\u00fcne ortaya koydu\u011fu geli\u015fim ile g\u00fcn\u00fcm\u00fcz i\u015fletmelerinin i\u015f d\u00fcnyas\u0131nda ihtiya\u00e7 duyaca\u011f\u0131 her t\u00fcrl\u00fc \u00e7\u00f6z\u00fcm\u00fc sa\u011flayabilmektedir. \u0130\u015fte bu y\u00fczden kurumsall\u0131\u011f\u0131 hedef edinmi\u015f olan her firma ProBAR ile \u00e7al\u0131\u015fmay\u0131 tercih etmektedir.<br \/><br \/>ProBAR \u0131\u015fbirli\u011fi, Entegrasyon ve Kolay eri\u015fim gibi i\u015f d\u00fcnyas\u0131n\u0131n yat\u0131r\u0131mlar\u0131n geri d\u00f6n\u00fc\u015f\u00fcm\u00fcn\u00fc maksimize etme anlam\u0131nda de\u011fer yaratmas\u0131na katk\u0131da bulunarak, i\u015fletmelere \u00e7al\u0131\u015fanlar\u0131, i\u015f ortaklar\u0131 ve m\u00fc\u015fterileri ile i\u015fbirli\u011fi i\u00e7erisinde ba\u015far\u0131ya ula\u015fabilecekleri bir ortam sunar.<br \/><br \/>\u0130\u015fbirli\u011fi &#8212; G\u00fcn\u00fcm\u00fczde i\u015fletmeler, d\u00f6rt duvardan ibaret olmaktan \u00e7\u0131km\u0131\u015f, \u00e7al\u0131\u015fanlar\u0131, i\u015f ortaklar\u0131, m\u00fc\u015fterileri ve \u00e7evreleri ile bir b\u00fct\u00fcn haline gelmi\u015flerdir. ProBAR, Mobil ve di\u011fer ileti\u015fim teknolojilerinin sa\u011flad\u0131\u011f\u0131 avantajlar\u0131 kullanarak i\u015fletmelerin s\u0131n\u0131rlar\u0131n\u0131 ortadan kald\u0131racak, \u00fcr\u00fcn ve hizmetlerin ihtiya\u00e7 duyulan her noktada yay\u0131l\u0131m\u0131n\u0131 temin edecek \u00e7\u00f6z\u00fcmleri ortaya koymaktad\u0131r.<br \/><br \/>Entegrasyon &#8212; Elektronik i\u015f felsefesinin temellerinden biri olan entegrasyonun bug\u00fcn geldi\u011fi noktada ki\u015filerin, bilginin ve i\u015f s\u00fcre\u00e7lerinin gerek i\u015fletmenin kendi s\u0131n\u0131rlar\u0131 i\u00e7erisinde gerekse organizasyonlar aras\u0131nda en \u00fcst seviyede entegre edilmesi b\u00fcy\u00fck \u00f6nem ta\u015f\u0131maktad\u0131r. ProBAR olu\u015fturdu\u011fu \u00e7\u00f6z\u00fcmler ile ve bu \u00e7\u00f6z\u00fcmlerin sahip oldu\u011fu yap\u0131sal \u00f6zelliklerin sa\u011flad\u0131\u011f\u0131 esneklik ve \u00f6l\u00e7eklenebilirlik avantajlar\u0131 sayesinde g\u00fcn\u00fcm\u00fcz i\u015fletmelerinin entegrasyon ihtiyac\u0131na cevap vermektedir. Daha fazla bilgi i\u00e7in l\u00fctfen bizimle irtibata ge\u00e7in.<\/strong><\/p>\t\t\t\t\t<\/div>\n\t\t\t\t\t\t<\/div>\n\t\t\t\t<\/div>\n\t\t\t\t\t\t<\/div>\n\t\t\t\t\t<\/div>\n\t\t<\/div>\n\t\t\t\t\t\t\t\t<\/div>\n\t\t\t\t\t<\/div>\n\t\t<\/section>\n\t\t\t\t\t\t\t\t\t<\/div>\n\t\t\t<\/div>\n\t\t\t\t\t<\/div>\n\t\t","protected":false},"excerpt":{"rendered":"<p>AMACIMIZ S\u0130Z M\u00dc\u015eTER\u0130LER\u0130M\u0130ZE DE\u011eER KATMAK Bili\u015fim teknolojilerinin ge\u00e7irdi\u011fi geli\u015fim s\u00fcrecinin bug\u00fcn geldi\u011fi noktada i\u015fletmelerin i\u015f yap\u0131\u015f \u015fekillerinde k\u00f6kl\u00fc de\u011fi\u015fikliklere gitmeleri zorunlu olmu\u015ftur.ProBAR kendisini ve m\u00fc\u015fterilerini Mobil uygulamalar, Entegrasyon uygulamalar\u0131 ve internet teknolojileri konusunda geli\u015ftirerek d\u00fcnya ticareti ile tam entegrasyonu veplatform ba\u011f\u0131ms\u0131z bilgi eri\u015fimine kendisine hedef se\u00e7mi\u015ftir. De\u011fer yaratabilmenin yolunun internet [&hellip;]<\/p>\n","protected":false},"author":1,"featured_media":0,"parent":0,"menu_order":0,"comment_status":"closed","ping_status":"closed","template":"","meta":[],"_links":{"self":[{"href":"http:\/\/probar.com.tr\/probar_wp_site\/wp-json\/wp\/v2\/pages\/7"}],"collection":[{"href":"http:\/\/probar.com.tr\/probar_wp_site\/wp-json\/wp\/v2\/pages"}],"about":[{"href":"http:\/\/probar.com.tr\/probar_wp_site\/wp-json\/wp\/v2\/types\/page"}],"author":[{"embeddable":true,"href":"http:\/\/probar.com.tr\/probar_wp_site\/wp-json\/wp\/v2\/users\/1"}],"replies":[{"embeddable":true,"href":"http:\/\/probar.com.tr\/probar_wp_site\/wp-json\/wp\/v2\/comments?post=7"}],"version-history":[{"count":3,"href":"http:\/\/probar.com.tr\/probar_wp_site\/wp-json\/wp\/v2\/pages\/7\/revisions"}],"predecessor-version":[{"id":285,"href":"http:\/\/probar.com.tr\/probar_wp_site\/wp-json\/wp\/v2\/pages\/7\/revisions\/285"}],"wp:attachment":[{"href":"http:\/\/probar.com.tr\/probar_wp_site\/wp-json\/wp\/v2\/media?parent=7"}],"curies":[{"name":"wp","href":"https:\/\/api.w.org\/{rel}","templated":true}]}}